{"id":10,"date":"2026-05-02T08:39:18","date_gmt":"2026-05-02T08:39:18","guid":{"rendered":"https:\/\/yoloartlounge.com\/?page_id=10"},"modified":"2026-05-02T14:41:52","modified_gmt":"2026-05-02T14:41:52","slug":"ana-sayfa","status":"publish","type":"page","link":"https:\/\/yoloartlounge.com\/","title":{"rendered":"Ana Sayfa"},"content":{"rendered":"\t\t<div data-elementor-type=\"wp-page\" data-elementor-id=\"10\" class=\"elementor elementor-10\">\n\t\t\t\t<div class=\"elementor-element elementor-element-1bb02d7 e-flex e-con-boxed e-con e-parent\" data-id=\"1bb02d7\" data-element_type=\"container\" data-e-type=\"container\">\n\t\t\t\t\t<div class=\"e-con-inner\">\n\t\t\t\t<div class=\"elementor-element elementor-element-736e901 elementor-widget elementor-widget-html\" data-id=\"736e901\" data-element_type=\"widget\" data-e-type=\"widget\" data-widget_type=\"html.default\">\n\t\t\t\t\t<!-- \u00dcST MEN\u00dc (HEADER) -->\n<header class=\"yolo-header\">\n    <div class=\"header-logo\">\n        <img decoding=\"async\" src=\"https:\/\/yoloartlounge.com\/wp-content\/uploads\/2026\/05\/yolo_logo_1_-removebg-preview.png\" alt=\"Yolo Art Lounge Logo\">\n    <\/div>\n    <nav class=\"header-nav\">\n        <a href=\"#lezzetler\">Lezzetler<\/a>\n        <a href=\"#detayli-menu\">T\u00fcm Men\u00fc<\/a>\n        <a href=\"#galeri\">Atmosfer<\/a>\n        <a href=\"#iletisim\">\u0130leti\u015fim<\/a>\n    <\/nav>\n<\/header>\n\n<!-- KAR\u015eILAMA VE V\u0130TR\u0130N -->\n<div class=\"yolo-hero\">\n    <h1>YOLO ART & LOUNGE<\/h1>\n    <p>Tarih, Sanat ve E\u015fsiz Lezzetlerin Bulu\u015fma Noktas\u0131<\/p>\n<\/div>\n\n<!-- MEN\u00dc KISMI -->\n<div class=\"yolo-menu-container\" id=\"lezzetler\">\n    <h2 class=\"section-title\">\u0130mza Lezzetler<\/h2>\n    <div class=\"menu-grid\">\n        <div class=\"menu-item\">\n            <h3>Lokum Bonfile<\/h3>\n            <p>\u00d6zel marine edilmi\u015f, a\u011f\u0131zda da\u011f\u0131lan yumu\u015fac\u0131k et<\/p>\n        <\/div>\n        <div class=\"menu-item\">\n            <h3>Yolo \u015einitzel<\/h3>\n            <p>\u00c7\u0131t\u0131r kaplamal\u0131, \u00f6zel tarif k\u0131zartma tavuk<\/p>\n        <\/div>\n        <div class=\"menu-item\">\n            <h3>Classic YOLO Burger<\/h3>\n            <p>%100 Dana eti, karamelize so\u011fan,kremal\u0131 mantar, cheddar<\/p>\n        <\/div>\n    <\/div>\n<\/div>\n\n<!-- T\u00dcM MEN\u00dc SAYFALARI (TIKLANAB\u0130L\u0130R) -->\n<div class=\"yolo-full-menu-section\" id=\"detayli-menu\">\n    <h2 class=\"section-title\">Detayl\u0131 Men\u00fc<\/h2>\n    <div class=\"full-menu-grid\">\n        <a href=\"https:\/\/yoloartlounge.com\/wp-content\/uploads\/2026\/05\/WhatsApp-Image-2026-05-02-at-15.30.29.jpeg\" target=\"_blank\"><img decoding=\"async\" src=\"https:\/\/yoloartlounge.com\/wp-content\/uploads\/2026\/05\/WhatsApp-Image-2026-05-02-at-15.30.29.jpeg\" alt=\"Yolo Men\u00fc Sayfa 1\" class=\"menu-page-img\"><\/a>\n        \n        <a href=\"https:\/\/yoloartlounge.com\/wp-content\/uploads\/2026\/05\/WhatsApp-Image-2026-05-02-at-15.30.29-3.jpeg\" target=\"_blank\"><img decoding=\"async\" src=\"https:\/\/yoloartlounge.com\/wp-content\/uploads\/2026\/05\/WhatsApp-Image-2026-05-02-at-15.30.29-3.jpeg\" alt=\"Yolo Men\u00fc Sayfa 2\" class=\"menu-page-img\"><\/a>\n        \n        <a href=\"https:\/\/yoloartlounge.com\/wp-content\/uploads\/2026\/05\/WhatsApp-Image-2026-05-02-at-15.30.29-2.jpeg\" target=\"_blank\"><img decoding=\"async\" src=\"https:\/\/yoloartlounge.com\/wp-content\/uploads\/2026\/05\/WhatsApp-Image-2026-05-02-at-15.30.29-2.jpeg\" alt=\"Yolo Men\u00fc Sayfa 3\" class=\"menu-page-img\"><\/a>\n        \n        <a href=\"https:\/\/yoloartlounge.com\/wp-content\/uploads\/2026\/05\/WhatsApp-Image-2026-05-02-at-15.30.29-1.jpeg\" target=\"_blank\"><img decoding=\"async\" src=\"https:\/\/yoloartlounge.com\/wp-content\/uploads\/2026\/05\/WhatsApp-Image-2026-05-02-at-15.30.29-1.jpeg\" alt=\"Yolo Men\u00fc Sayfa 4\" class=\"menu-page-img\"><\/a>\n    <\/div>\n    <p style=\"margin-top: 15px; font-size: 0.9em; color: #666;\"><em>*Okumak i\u00e7in men\u00fc sayfalar\u0131na t\u0131klayabilirsiniz.<\/em><\/p>\n<\/div>\n\n<!-- GALER\u0130 KISMI -->\n<div class=\"yolo-gallery-section\" id=\"galeri\">\n    <h2 class=\"section-title\">Atmosfer & Sanat<\/h2>\n    <div class=\"gallery-grid\" id=\"yolo-gallery-grid\">\n        <!-- HER ZAMAN G\u00d6R\u00dcNEN \u0130LK 4 FOTO\u011eRAF -->\n        <div class=\"gallery-item\"><img decoding=\"async\" src=\"https:\/\/yoloartlounge.com\/wp-content\/uploads\/2026\/05\/WhatsApp-Image-2026-05-02-at-11.48.33-3.jpeg\" alt=\"Yolo Art Lounge Atmosfer\"><\/div>\n        <div class=\"gallery-item\"><img decoding=\"async\" src=\"https:\/\/yoloartlounge.com\/wp-content\/uploads\/2026\/05\/WhatsApp-Image-2026-05-02-at-11.48.33-2.jpeg\" alt=\"Abac\u0131o\u011flu Han\u0131\"><\/div>\n        <div class=\"gallery-item\"><img decoding=\"async\" src=\"https:\/\/yoloartlounge.com\/wp-content\/uploads\/2026\/05\/WhatsApp-Image-2026-05-02-at-11.48.31-4.jpeg\" alt=\"Yolo Sanat\"><\/div>\n        <div class=\"gallery-item\"><img decoding=\"async\" src=\"https:\/\/yoloartlounge.com\/wp-content\/uploads\/2026\/05\/WhatsApp-Image-2026-05-02-at-11.48.31-3.jpeg\" alt=\"\u0130mza Lezzetler\"><\/div>\n\n        <!-- DAHA FAZLA G\u00d6STER DEN\u0130NCE A\u00c7ILACAK FOTO\u011eRAFLAR  -->\n        <div class=\"gallery-item extra-photo hidden-photo\"><img decoding=\"async\" src=\"https:\/\/yoloartlounge.com\/wp-content\/uploads\/2026\/05\/WhatsApp-Image-2026-05-02-at-11.48.32-5.jpeg\" alt=\"Atmosfer Detay\"><\/div>\n        <div class=\"gallery-item extra-photo hidden-photo\"><img decoding=\"async\" src=\"https:\/\/yoloartlounge.com\/wp-content\/uploads\/2026\/05\/WhatsApp-Image-2026-05-02-at-11.48.31-2.jpeg\" alt=\"Atmosfer Detay\"><\/div>\n    <\/div>\n    \n    <!-- A\u00c7\/KAPA BUTONU VE S\u0130H\u0130RL\u0130 KOD (JAVASCRIPT) -->\n    <div style=\"text-align: center; margin-top: 35px;\">\n        <button id=\"show-more-btn\" class=\"yolo-btn\" onclick=\"toggleGallery()\" style=\"cursor: pointer; background-color: transparent; color: #d4b895; border: 2px solid #d4b895;\">Daha Fazlas\u0131n\u0131 G\u00f6ster<\/button>\n    <\/div>\n\n    <script>\n        function toggleGallery() {\n            var extraPhotos = document.querySelectorAll('.extra-photo');\n            var btn = document.getElementById('show-more-btn');\n            \n            \/\/ E\u011fer ilk gizli foto\u011fraf\u0131n s\u0131n\u0131f\u0131nda 'hidden-photo' varsa, kapal\u0131 demektir\n            var isHidden = extraPhotos[0].classList.contains('hidden-photo');\n\n            extraPhotos.forEach(function(photo) {\n                if (isHidden) {\n                    photo.classList.remove('hidden-photo'); \/\/ Foto\u011fraflar\u0131 a\u00e7\n                } else {\n                    photo.classList.add('hidden-photo'); \/\/ Foto\u011fraflar\u0131 gizle\n                }\n            });\n\n            if (isHidden) {\n                btn.innerHTML = 'Daha Az G\u00f6ster';\n            } else {\n                btn.innerHTML = 'Daha Fazlas\u0131n\u0131 G\u00f6ster';\n                \/\/ Daha az g\u00f6ster dendi\u011finde sayfa galerinin ba\u015f\u0131na yumu\u015fak\u00e7a geri kayar\n                document.getElementById('galeri').scrollIntoView({ behavior: 'smooth' });\n            }\n        }\n    <\/script>\n<\/div>\n\n<!-- \u0130LET\u0130\u015e\u0130M VE REZERVASYON -->\n<div class=\"yolo-contact-section\" id=\"iletisim\">\n    <div class=\"contact-info\">\n        <h2 class=\"section-title contact-title\">Bize Ula\u015f\u0131n<\/h2>\n        <p><strong>Adres:<\/strong> Kemeralt\u0131 \u00c7ar\u015f\u0131s\u0131, Abac\u0131o\u011flu Han\u0131 \u0130\u00e7i, Konak \/ \u0130zmir<\/p>\n        <p><strong>Saatler:<\/strong> Pazartesi - Cumartesi | 10:00 - 23:00<\/p>\n        <p><strong>Telefon:<\/strong> +90 542 537 23 77<\/p>\n        <a href=\"https:\/\/wa.me\/905425372377\" class=\"yolo-btn\" target=\"_blank\">Rezervasyon Yap<\/a>\n    <\/div>\n\n    <!-- HATA VERMEYEN KUSURSUZ HAR\u0130TA KISMI -->\n    <div class=\"yolo-map-container\">\n        <iframe src=\"https:\/\/maps.google.com\/maps?q=Yolo+Art+Lounge+Abac%C4%B1o%C4%9Flu+Han%C4%B1+Konak+Izmir&amp;t=&amp;z=17&amp;ie=UTF8&amp;iwloc=&amp;output=embed\" style=\"border:0;\" loading=\"lazy\"><\/iframe>\n    <\/div>\n<\/div>\t\t\t\t<\/div>\n\t\t\t\t\t<\/div>\n\t\t\t\t<\/div>\n\t\t\t\t<\/div>\n\t\t","protected":false},"excerpt":{"rendered":"<p>Lezzetler T\u00fcm Men\u00fc Atmosfer \u0130leti\u015fim YOLO ART &#038; LOUNGE Tarih, Sanat ve E\u015fsiz Lezzetlerin Bulu\u015fma Noktas\u0131 \u0130mza Lezzetler Lokum Bonfile [&hellip;]<\/p>\n","protected":false},"author":1,"featured_media":0,"parent":0,"menu_order":0,"comment_status":"closed","ping_status":"closed","template":"elementor_canvas","meta":{"site-sidebar-layout":"no-sidebar","site-content-layout":"","ast-site-content-layout":"full-width-container","site-content-style":"default","site-sidebar-style":"default","ast-global-header-display":"","ast-banner-title-visibility":"","ast-main-header-display":"","ast-hfb-above-header-display":"","ast-hfb-below-header-display":"","ast-hfb-mobile-header-display":"","site-post-title":"","ast-breadcrumbs-content":"","ast-featured-img":"disabled","footer-sml-layout":"","ast-disable-related-posts":"","theme-transparent-header-meta":"","adv-header-id-meta":"","stick-header-meta":"","header-above-stick-meta":"","header-main-stick-meta":"","header-below-stick-meta":"","astra-migrate-meta-layouts":"default","ast-page-background-enabled":"default","ast-page-background-meta":{"desktop":{"background-color":"var(--ast-global-color-5)","background-image":"","background-repeat":"repeat","background-position":"center center","background-size":"auto","background-attachment":"scroll","background-type":"","background-media":"","overlay-type":"","overlay-color":"","overlay-opacity":"","overlay-gradient":""},"tablet":{"background-color":"","background-image":"","background-repeat":"repeat","background-position":"center center","background-size":"auto","background-attachment":"scroll","background-type":"","background-media":"","overlay-type":"","overlay-color":"","overlay-opacity":"","overlay-gradient":""},"mobile":{"background-color":"","background-image":"","background-repeat":"repeat","background-position":"center center","background-size":"auto","background-attachment":"scroll","background-type":"","background-media":"","overlay-type":"","overlay-color":"","overlay-opacity":"","overlay-gradient":""}},"ast-content-background-meta":{"desktop":{"background-color":"var(--ast-global-color-4)","background-image":"","background-repeat":"repeat","background-position":"center center","background-size":"auto","background-attachment":"scroll","background-type":"","background-media":"","overlay-type":"","overlay-color":"","overlay-opacity":"","overlay-gradient":""},"tablet":{"background-color":"var(--ast-global-color-4)","background-image":"","background-repeat":"repeat","background-position":"center center","background-size":"auto","background-attachment":"scroll","background-type":"","background-media":"","overlay-type":"","overlay-color":"","overlay-opacity":"","overlay-gradient":""},"mobile":{"background-color":"var(--ast-global-color-4)","background-image":"","background-repeat":"repeat","background-position":"center center","background-size":"auto","background-attachment":"scroll","background-type":"","background-media":"","overlay-type":"","overlay-color":"","overlay-opacity":"","overlay-gradient":""}},"footnotes":""},"class_list":["post-10","page","type-page","status-publish","hentry"],"_links":{"self":[{"href":"https:\/\/yoloartlounge.com\/index.php?rest_route=\/wp\/v2\/pages\/10","targetHints":{"allow":["GET"]}}],"collection":[{"href":"https:\/\/yoloartlounge.com\/index.php?rest_route=\/wp\/v2\/pages"}],"about":[{"href":"https:\/\/yoloartlounge.com\/index.php?rest_route=\/wp\/v2\/types\/page"}],"author":[{"embeddable":true,"href":"https:\/\/yoloartlounge.com\/index.php?rest_route=\/wp\/v2\/users\/1"}],"replies":[{"embeddable":true,"href":"https:\/\/yoloartlounge.com\/index.php?rest_route=%2Fwp%2Fv2%2Fcomments&post=10"}],"version-history":[{"count":76,"href":"https:\/\/yoloartlounge.com\/index.php?rest_route=\/wp\/v2\/pages\/10\/revisions"}],"predecessor-version":[{"id":158,"href":"https:\/\/yoloartlounge.com\/index.php?rest_route=\/wp\/v2\/pages\/10\/revisions\/158"}],"wp:attachment":[{"href":"https:\/\/yoloartlounge.com\/index.php?rest_route=%2Fwp%2Fv2%2Fmedia&parent=10"}],"curies":[{"name":"wp","href":"https:\/\/api.w.org\/{rel}","templated":true}]}}